{"id":216,"date":"2024-12-16T08:21:58","date_gmt":"2024-12-16T08:21:58","guid":{"rendered":"https:\/\/finquesvallparadis.com\/gestion-de-patrimonios\/"},"modified":"2025-02-19T10:48:37","modified_gmt":"2025-02-19T10:48:37","slug":"gestion-de-patrimonios","status":"publish","type":"page","link":"https:\/\/finquesvallparadis.com\/es\/gestion-de-patrimonios\/","title":{"rendered":"Gesti\u00f3n de Patrimonios"},"content":{"rendered":"<p><div class=\"fusion-fullwidth fullwidth-box fusion-builder-row-1 fusion-flex-container has-pattern-background has-mask-background faded-background fusion-parallax-none nonhundred-percent-fullwidth non-hundred-percent-height-scrolling\" style=\"--awb-border-radius-top-left:0px;--awb-border-radius-top-right:0px;--awb-border-radius-bottom-right:0px;--awb-border-radius-bottom-left:0px;--awb-min-height:350px;--awb-background-image:linear-gradient(180deg, rgba(0,0,0,0.3) 0%,rgba(0,0,0,0.3) 100%),url(https:\/\/finquesvallparadis.com\/wp-content\/uploads\/2024\/12\/header-patrimoni.jpg);;--awb-background-size:cover;--awb-flex-wrap:wrap;\" ><div class=\"fullwidth-faded\" style=\"--awb-background-color:#000000;--awb-background-image:linear-gradient(180deg, rgba(0,0,0,0.3) 0%,rgba(0,0,0,0.3) 100%),url(https:\/\/finquesvallparadis.com\/wp-content\/uploads\/2024\/12\/header-patrimoni.jpg);;--awb-background-size:cover;\" ><\/div><div class=\"fusion-builder-row fusion-row fusion-flex-align-items-center fusion-flex-content-wrap\" style=\"max-width:1248px;margin-left: calc(-4% \/ 2 );margin-right: calc(-4% \/ 2 );\"><div class=\"fusion-layout-column fusion_builder_column fusion-builder-column-0 fusion_builder_column_1_1 1_1 fusion-flex-column\" style=\"--awb-bg-size:cover;--awb-width-large:100%;--awb-margin-top-large:0px;--awb-spacing-right-large:1.92%;--awb-margin-bottom-large:20px;--awb-spacing-left-large:1.92%;--awb-width-medium:100%;--awb-order-medium:0;--awb-spacing-right-medium:1.92%;--awb-spacing-left-medium:1.92%;--awb-width-small:100%;--awb-order-small:0;--awb-spacing-right-small:1.92%;--awb-spacing-left-small:1.92%;\"><div class=\"fusion-column-wrapper fusion-column-has-shadow fusion-flex-justify-content-flex-start fusion-content-layout-column\"><div class=\"fusion-title title fusion-title-1 fusion-sep-none fusion-title-text fusion-title-size-one\" style=\"--awb-text-color:#ffffff;\"><h1 class=\"fusion-title-heading title-heading-left\" style=\"margin:0;\"><h1 class=\"hidden-phone\"><strong>Gesti\u00f3n de Patrimonios<\/strong><\/h1><\/h1><\/div><\/div><\/div><\/div><\/div><div class=\"fusion-fullwidth fullwidth-box fusion-builder-row-2 fusion-flex-container has-pattern-background has-mask-background nonhundred-percent-fullwidth non-hundred-percent-height-scrolling\" style=\"--awb-border-radius-top-left:0px;--awb-border-radius-top-right:0px;--awb-border-radius-bottom-right:0px;--awb-border-radius-bottom-left:0px;--awb-margin-top:60px;--awb-flex-wrap:wrap;\" ><div class=\"fusion-builder-row fusion-row fusion-flex-align-items-flex-start fusion-flex-content-wrap\" style=\"max-width:1248px;margin-left: calc(-4% \/ 2 );margin-right: calc(-4% \/ 2 );\"><div class=\"fusion-layout-column fusion_builder_column fusion-builder-column-1 fusion_builder_column_1_1 1_1 fusion-flex-column\" style=\"--awb-bg-size:cover;--awb-width-large:100%;--awb-margin-top-large:0px;--awb-spacing-right-large:1.92%;--awb-margin-bottom-large:20px;--awb-spacing-left-large:1.92%;--awb-width-medium:100%;--awb-order-medium:0;--awb-spacing-right-medium:1.92%;--awb-spacing-left-medium:1.92%;--awb-width-small:100%;--awb-order-small:0;--awb-spacing-right-small:1.92%;--awb-spacing-left-small:1.92%;\"><div class=\"fusion-column-wrapper fusion-column-has-shadow fusion-flex-justify-content-flex-start fusion-content-layout-column\"><div class=\"fusion-text fusion-text-1\"><p>La dispersi\u00f3n geogr\u00e1fica y la diversificaci\u00f3n en la tipolog\u00eda de los inmuebles son dos realidades que caracterizan a las carteras inmobiliarias de inversores corporativos y sociedades inmobiliarias. El Servicio de Gesti\u00f3n de Patrimonios de Finques Vallparad\u00eds aporta la experiencia y equipo necesario para dirigir y gestionar estos patrimonios de forma profesional y homog\u00e9nea.<\/p>\n<p>Un equipo encabezado por la figura del consultor gerente que define, conjuntamente con la propiedad, las estrategias a desarrollar y se ocupa de su implantaci\u00f3n. Un interlocutor \u00fanico para canalizar la informaci\u00f3n y simplificar la relaci\u00f3n entre el cliente y <strong>Finques Vallaparad\u00eds<\/strong> .<\/p>\n<p>Adaptamos nuestros servicios al cliente, podemos ofrecerle todo tipo de servicios inmobiliarios para su cartera:<\/p>\n<h4>Gesti\u00f3n jur\u00eddica y econ\u00f3mico-administrativa:<\/h4>\n<ul>\n<li>Control de cobros.<\/li>\n<\/ul>\n<ul>\n<li>Gesti\u00f3n de morosidad.<\/li>\n<\/ul>\n<ul>\n<li>Actualizaci\u00f3n de contratos.<\/li>\n<\/ul>\n<ul>\n<li>Gesti\u00f3n de fianzas.<\/li>\n<\/ul>\n<ul>\n<li>Reportes econ\u00f3micos peri\u00f3dicos.<\/li>\n<\/ul>\n<ul>\n<li>Relaci\u00f3n con comunidades de propietarios.<\/li>\n<\/ul>\n<ul>\n<li>Asesoramiento jur\u00eddico.<\/li>\n<\/ul>\n<ul>\n<li>Revisi\u00f3n y an\u00e1lisis de irregularidades e intervenciones espec\u00edfincas.<\/li>\n<li>Coordinaci\u00f3n y seguimiento de procesos judiciales.<\/li>\n<\/ul>\n<h4>Gesti\u00f3n de mantenimiento:<\/h4>\n<ul>\n<li>Gesti\u00f3n de mantenimiento preventivo y correctivo de los edificios.<\/li>\n<\/ul>\n<ul>\n<li>Gesti\u00f3n de incidencias.<\/li>\n<\/ul>\n<ul>\n<li style=\"list-style-type: none;\">\n<ul>\n<li>Gesti\u00f3n de rotaciones.<\/li>\n<\/ul>\n<\/li>\n<\/ul>\n<h4>Gesti\u00f3n comercial:<\/h4>\n<ul>\n<li>Definici\u00f3n de las pol\u00edticas de producto, precio y distribuci\u00f3n del inmueble.<\/li>\n<\/ul>\n<ul>\n<li>Definici\u00f3n y ejecuci\u00f3n del plan de marketing del inmueble.<\/li>\n<\/ul>\n<ul>\n<li>Definici\u00f3n del cuadro de mandos y an\u00e1lisis y seguimiento de los resultados obtenidos.<\/li>\n<\/ul>\n<ul>\n<li>B\u00fasqueda y selecci\u00f3n de arrendatarios y gesti\u00f3n de los contratos.<\/li>\n<\/ul>\n<\/div><\/div><\/div><\/div><\/div><\/p>\n","protected":false},"excerpt":{"rendered":"","protected":false},"author":1,"featured_media":0,"parent":0,"menu_order":0,"comment_status":"closed","ping_status":"closed","template":"100-width.php","meta":{"footnotes":""},"class_list":["post-216","page","type-page","status-publish","hentry"],"yoast_head":"<!-- This site is optimized with the Yoast SEO plugin v27.5 - https:\/\/yoast.com\/product\/yoast-seo-wordpress\/ -->\n<title>Gesti\u00f3n de Patrimonios - Finques Vallparad\u00eds<\/title>\n<meta name=\"robots\" content=\"index, follow, max-snippet:-1, max-image-preview:large, max-video-preview:-1\" \/>\n<link rel=\"canonical\" href=\"https:\/\/finquesvallparadis.com\/es\/gestion-de-patrimonios\/\" \/>\n<meta property=\"og:locale\" content=\"es_ES\" \/>\n<meta property=\"og:type\" content=\"article\" \/>\n<meta property=\"og:title\" content=\"Gesti\u00f3n de Patrimonios - Finques Vallparad\u00eds\" \/>\n<meta property=\"og:url\" content=\"https:\/\/finquesvallparadis.com\/es\/gestion-de-patrimonios\/\" \/>\n<meta property=\"og:site_name\" content=\"Finques Vallparad\u00eds\" \/>\n<meta property=\"article:modified_time\" content=\"2025-02-19T10:48:37+00:00\" \/>\n<meta name=\"twitter:card\" content=\"summary_large_image\" \/>\n<meta name=\"twitter:label1\" content=\"Tiempo de lectura\" \/>\n\t<meta name=\"twitter:data1\" content=\"11 minutos\" \/>\n<script type=\"application\/ld+json\" class=\"yoast-schema-graph\">{\"@context\":\"https:\\\/\\\/schema.org\",\"@graph\":[{\"@type\":\"WebPage\",\"@id\":\"https:\\\/\\\/finquesvallparadis.com\\\/es\\\/gestion-de-patrimonios\\\/\",\"url\":\"https:\\\/\\\/finquesvallparadis.com\\\/es\\\/gestion-de-patrimonios\\\/\",\"name\":\"Gesti\u00f3n de Patrimonios - Finques Vallparad\u00eds\",\"isPartOf\":{\"@id\":\"https:\\\/\\\/finquesvallparadis.com\\\/#website\"},\"datePublished\":\"2024-12-16T08:21:58+00:00\",\"dateModified\":\"2025-02-19T10:48:37+00:00\",\"breadcrumb\":{\"@id\":\"https:\\\/\\\/finquesvallparadis.com\\\/es\\\/gestion-de-patrimonios\\\/#breadcrumb\"},\"inLanguage\":\"es\",\"potentialAction\":[{\"@type\":\"ReadAction\",\"target\":[\"https:\\\/\\\/finquesvallparadis.com\\\/es\\\/gestion-de-patrimonios\\\/\"]}]},{\"@type\":\"BreadcrumbList\",\"@id\":\"https:\\\/\\\/finquesvallparadis.com\\\/es\\\/gestion-de-patrimonios\\\/#breadcrumb\",\"itemListElement\":[{\"@type\":\"ListItem\",\"position\":1,\"name\":\"Portada\",\"item\":\"https:\\\/\\\/finquesvallparadis.com\\\/es\\\/\"},{\"@type\":\"ListItem\",\"position\":2,\"name\":\"Gesti\u00f3n de Patrimonios\"}]},{\"@type\":\"WebSite\",\"@id\":\"https:\\\/\\\/finquesvallparadis.com\\\/#website\",\"url\":\"https:\\\/\\\/finquesvallparadis.com\\\/\",\"name\":\"Finques Vallparad\u00eds\",\"description\":\"\",\"potentialAction\":[{\"@type\":\"SearchAction\",\"target\":{\"@type\":\"EntryPoint\",\"urlTemplate\":\"https:\\\/\\\/finquesvallparadis.com\\\/?s={search_term_string}\"},\"query-input\":{\"@type\":\"PropertyValueSpecification\",\"valueRequired\":true,\"valueName\":\"search_term_string\"}}],\"inLanguage\":\"es\"}]}<\/script>\n<!-- \/ Yoast SEO plugin. -->","yoast_head_json":{"title":"Gesti\u00f3n de Patrimonios - Finques Vallparad\u00eds","robots":{"index":"index","follow":"follow","max-snippet":"max-snippet:-1","max-image-preview":"max-image-preview:large","max-video-preview":"max-video-preview:-1"},"canonical":"https:\/\/finquesvallparadis.com\/es\/gestion-de-patrimonios\/","og_locale":"es_ES","og_type":"article","og_title":"Gesti\u00f3n de Patrimonios - Finques Vallparad\u00eds","og_url":"https:\/\/finquesvallparadis.com\/es\/gestion-de-patrimonios\/","og_site_name":"Finques Vallparad\u00eds","article_modified_time":"2025-02-19T10:48:37+00:00","twitter_card":"summary_large_image","twitter_misc":{"Tiempo de lectura":"11 minutos"},"schema":{"@context":"https:\/\/schema.org","@graph":[{"@type":"WebPage","@id":"https:\/\/finquesvallparadis.com\/es\/gestion-de-patrimonios\/","url":"https:\/\/finquesvallparadis.com\/es\/gestion-de-patrimonios\/","name":"Gesti\u00f3n de Patrimonios - Finques Vallparad\u00eds","isPartOf":{"@id":"https:\/\/finquesvallparadis.com\/#website"},"datePublished":"2024-12-16T08:21:58+00:00","dateModified":"2025-02-19T10:48:37+00:00","breadcrumb":{"@id":"https:\/\/finquesvallparadis.com\/es\/gestion-de-patrimonios\/#breadcrumb"},"inLanguage":"es","potentialAction":[{"@type":"ReadAction","target":["https:\/\/finquesvallparadis.com\/es\/gestion-de-patrimonios\/"]}]},{"@type":"BreadcrumbList","@id":"https:\/\/finquesvallparadis.com\/es\/gestion-de-patrimonios\/#breadcrumb","itemListElement":[{"@type":"ListItem","position":1,"name":"Portada","item":"https:\/\/finquesvallparadis.com\/es\/"},{"@type":"ListItem","position":2,"name":"Gesti\u00f3n de Patrimonios"}]},{"@type":"WebSite","@id":"https:\/\/finquesvallparadis.com\/#website","url":"https:\/\/finquesvallparadis.com\/","name":"Finques Vallparad\u00eds","description":"","potentialAction":[{"@type":"SearchAction","target":{"@type":"EntryPoint","urlTemplate":"https:\/\/finquesvallparadis.com\/?s={search_term_string}"},"query-input":{"@type":"PropertyValueSpecification","valueRequired":true,"valueName":"search_term_string"}}],"inLanguage":"es"}]}},"_links":{"self":[{"href":"https:\/\/finquesvallparadis.com\/es\/wp-json\/wp\/v2\/pages\/216","targetHints":{"allow":["GET"]}}],"collection":[{"href":"https:\/\/finquesvallparadis.com\/es\/wp-json\/wp\/v2\/pages"}],"about":[{"href":"https:\/\/finquesvallparadis.com\/es\/wp-json\/wp\/v2\/types\/page"}],"author":[{"embeddable":true,"href":"https:\/\/finquesvallparadis.com\/es\/wp-json\/wp\/v2\/users\/1"}],"replies":[{"embeddable":true,"href":"https:\/\/finquesvallparadis.com\/es\/wp-json\/wp\/v2\/comments?post=216"}],"version-history":[{"count":5,"href":"https:\/\/finquesvallparadis.com\/es\/wp-json\/wp\/v2\/pages\/216\/revisions"}],"predecessor-version":[{"id":375,"href":"https:\/\/finquesvallparadis.com\/es\/wp-json\/wp\/v2\/pages\/216\/revisions\/375"}],"wp:attachment":[{"href":"https:\/\/finquesvallparadis.com\/es\/wp-json\/wp\/v2\/media?parent=216"}],"curies":[{"name":"wp","href":"https:\/\/api.w.org\/{rel}","templated":true}]}}