{"id":222,"date":"2024-12-16T08:20:53","date_gmt":"2024-12-16T08:20:53","guid":{"rendered":"https:\/\/finquesvallparadis.com\/agencia-inmobiliaria\/"},"modified":"2025-02-26T08:33:42","modified_gmt":"2025-02-26T08:33:42","slug":"agencia-inmobiliaria","status":"publish","type":"page","link":"https:\/\/finquesvallparadis.com\/es\/agencia-inmobiliaria\/","title":{"rendered":"Agencia Inmobiliaria"},"content":{"rendered":"<p><div class=\"fusion-fullwidth fullwidth-box fusion-builder-row-1 fusion-flex-container has-pattern-background has-mask-background faded-background fusion-parallax-none nonhundred-percent-fullwidth non-hundred-percent-height-scrolling\" style=\"--awb-border-radius-top-left:0px;--awb-border-radius-top-right:0px;--awb-border-radius-bottom-right:0px;--awb-border-radius-bottom-left:0px;--awb-min-height:350px;--awb-background-image:linear-gradient(180deg, rgba(0,0,0,0.3) 0%,rgba(0,0,0,0.3) 100%),url(https:\/\/finquesvallparadis.com\/wp-content\/uploads\/2024\/12\/header-agencia-immobiliria-.jpg);;--awb-background-size:cover;--awb-flex-wrap:wrap;\" ><div class=\"fullwidth-faded\" style=\"--awb-background-color:#000000;--awb-background-image:linear-gradient(180deg, rgba(0,0,0,0.3) 0%,rgba(0,0,0,0.3) 100%),url(https:\/\/finquesvallparadis.com\/wp-content\/uploads\/2024\/12\/header-agencia-immobiliria-.jpg);;--awb-background-size:cover;\" ><\/div><div class=\"fusion-builder-row fusion-row fusion-flex-align-items-center fusion-flex-content-wrap\" style=\"max-width:1248px;margin-left: calc(-4% \/ 2 );margin-right: calc(-4% \/ 2 );\"><div class=\"fusion-layout-column fusion_builder_column fusion-builder-column-0 fusion_builder_column_1_1 1_1 fusion-flex-column\" style=\"--awb-bg-size:cover;--awb-width-large:100%;--awb-margin-top-large:0px;--awb-spacing-right-large:1.92%;--awb-margin-bottom-large:20px;--awb-spacing-left-large:1.92%;--awb-width-medium:100%;--awb-order-medium:0;--awb-spacing-right-medium:1.92%;--awb-spacing-left-medium:1.92%;--awb-width-small:100%;--awb-order-small:0;--awb-spacing-right-small:1.92%;--awb-spacing-left-small:1.92%;\"><div class=\"fusion-column-wrapper fusion-column-has-shadow fusion-flex-justify-content-flex-start fusion-content-layout-column\"><div class=\"fusion-title title fusion-title-1 fusion-sep-none fusion-title-text fusion-title-size-one\" style=\"--awb-text-color:#ffffff;\"><h1 class=\"fusion-title-heading title-heading-left\" style=\"margin:0;\"><h1 class=\"hidden-phone\"><strong>Agencia Inmobiliaria<\/strong><\/h1><\/h1><\/div><\/div><\/div><\/div><\/div><div class=\"fusion-fullwidth fullwidth-box fusion-builder-row-2 fusion-flex-container has-pattern-background has-mask-background nonhundred-percent-fullwidth non-hundred-percent-height-scrolling\" style=\"--awb-border-radius-top-left:0px;--awb-border-radius-top-right:0px;--awb-border-radius-bottom-right:0px;--awb-border-radius-bottom-left:0px;--awb-margin-top:60px;--awb-flex-wrap:wrap;\" ><div class=\"fusion-builder-row fusion-row fusion-flex-align-items-flex-start fusion-flex-content-wrap\" style=\"max-width:1248px;margin-left: calc(-4% \/ 2 );margin-right: calc(-4% \/ 2 );\"><div class=\"fusion-layout-column fusion_builder_column fusion-builder-column-1 fusion_builder_column_1_1 1_1 fusion-flex-column\" style=\"--awb-bg-size:cover;--awb-width-large:100%;--awb-margin-top-large:0px;--awb-spacing-right-large:1.92%;--awb-margin-bottom-large:20px;--awb-spacing-left-large:1.92%;--awb-width-medium:100%;--awb-order-medium:0;--awb-spacing-right-medium:1.92%;--awb-spacing-left-medium:1.92%;--awb-width-small:100%;--awb-order-small:0;--awb-spacing-right-small:1.92%;--awb-spacing-left-small:1.92%;\"><div class=\"fusion-column-wrapper fusion-column-has-shadow fusion-flex-justify-content-flex-start fusion-content-layout-column\"><div class=\"fusion-text fusion-text-1\"><p><strong>Fincas Vallparad\u00eds<\/strong> desde sus inicios se dedica a la compra-venta y alquiler de viviendas, tanto de obra nueva como de segunda mano. Nos caracterizamos por nuestra profesionalidad y rigurosidad en las gestiones de compra, venta y alquiler de viviendas. Tenemos un amplio equipo de Administradores que le dar\u00e1n un trato personalizado y a su medida, ofreci\u00e9ndole los servicios que pueda necesitar para la gesti\u00f3n de su inmueble.<\/p>\n<p>Nuestros servicios en estos \u00e1mbitos se pueden resumir en:<\/p>\n<\/div><\/div><\/div><div class=\"fusion-layout-column fusion_builder_column fusion-builder-column-2 fusion_builder_column_1_2 1_2 fusion-flex-column\" style=\"--awb-bg-size:cover;--awb-width-large:50%;--awb-margin-top-large:0px;--awb-spacing-right-large:3.84%;--awb-margin-bottom-large:20px;--awb-spacing-left-large:3.84%;--awb-width-medium:50%;--awb-order-medium:0;--awb-spacing-right-medium:3.84%;--awb-spacing-left-medium:3.84%;--awb-width-small:100%;--awb-order-small:0;--awb-spacing-right-small:1.92%;--awb-spacing-left-small:1.92%;\"><div class=\"fusion-column-wrapper fusion-column-has-shadow fusion-flex-justify-content-flex-start fusion-content-layout-column\"><div class=\"fusion-title title fusion-title-2 fusion-sep-none fusion-title-text fusion-title-size-four\" style=\"--awb-font-size:24px;\"><h4 class=\"fusion-title-heading title-heading-left\" style=\"font-family:&quot;Open Sans&quot;;font-style:normal;font-weight:700;margin:0;font-size:1em;\"><h4>Gesti\u00f3n de Compra-Venta<\/h4><\/h4><\/div><div class=\"fusion-text fusion-text-2\"><ul>\n<li type=\"disc\">Direcci\u00f3n y gesti\u00f3n comercial de promociones residenciales de obra nueva en venta y alquiler.<\/li>\n<\/ul>\n<ul>\n<li type=\"disc\">Comercializaci\u00f3n en venta y alquiler de inmuebles.<\/li>\n<\/ul>\n<ul>\n<li type=\"disc\">Asesoramiento a propietarios:<\/li>\n<\/ul>\n<ul>\n<li style=\"list-style-type: none;\">\n<ul>\n<li type=\"circle\">Valoraciones comerciales, estrategias de marketing y comercializaci\u00f3n a medida.<\/li>\n<\/ul>\n<\/li>\n<\/ul>\n<ul>\n<li style=\"list-style-type: none;\">\n<ul>\n<li type=\"circle\">Presentaci\u00f3n de clientes y selecci\u00f3n de arrendatarios.<\/li>\n<\/ul>\n<\/li>\n<\/ul>\n<ul>\n<li style=\"list-style-type: none;\">\n<ul>\n<li type=\"circle\">Asistencia en la negociaci\u00f3n, contrataci\u00f3n y asesor\u00eda jur\u00eddica especializada.<\/li>\n<\/ul>\n<\/li>\n<\/ul>\n<ul>\n<li type=\"disc\">\u200bAsesoramiento a demandantes:<\/li>\n<\/ul>\n<ul>\n<li style=\"list-style-type: none;\">\n<ul>\n<li type=\"circle\">B\u00fasqueda y localizaci\u00f3n de productos residenciales de acuerdo a sus necesidades.<\/li>\n<\/ul>\n<\/li>\n<\/ul>\n<ul>\n<li style=\"list-style-type: none;\">\n<ul>\n<li type=\"circle\">Asistencia en la negociaci\u00f3n, contrataci\u00f3n y asesor\u00eda jur\u00eddica especializada.<\/li>\n<\/ul>\n<\/li>\n<\/ul>\n<ul>\n<li type=\"disc\">Servicio de venta a arrendatarios:<\/li>\n<\/ul>\n<ul>\n<li style=\"list-style-type: none;\">\n<ul>\n<li type=\"circle\">Gesti\u00f3n de venta de la vivienda a su inquilino con la m\u00e1xima rentabilidad para el propietario.<\/li>\n<\/ul>\n<\/li>\n<\/ul>\n<ul>\n<li type=\"disc\">Research:<\/li>\n<\/ul>\n<ul>\n<li style=\"list-style-type: none;\">\n<ul>\n<li type=\"circle\">An\u00e1lisis de la oferta y la demanda.<\/li>\n<\/ul>\n<\/li>\n<\/ul>\n<ul>\n<li style=\"list-style-type: none;\">\n<ul>\n<li type=\"circle\">Perspectivas y tendencias del sector.<\/li>\n<\/ul>\n<\/li>\n<\/ul>\n<ul>\n<li style=\"list-style-type: none;\">\n<ul>\n<li type=\"circle\">Estudio de precios y rentabilidades.<\/li>\n<\/ul>\n<\/li>\n<\/ul>\n<\/div><\/div><\/div><div class=\"fusion-layout-column fusion_builder_column fusion-builder-column-3 fusion_builder_column_1_2 1_2 fusion-flex-column\" style=\"--awb-bg-size:cover;--awb-width-large:50%;--awb-margin-top-large:0px;--awb-spacing-right-large:3.84%;--awb-margin-bottom-large:20px;--awb-spacing-left-large:3.84%;--awb-width-medium:50%;--awb-order-medium:0;--awb-spacing-right-medium:3.84%;--awb-spacing-left-medium:3.84%;--awb-width-small:100%;--awb-order-small:0;--awb-spacing-right-small:1.92%;--awb-spacing-left-small:1.92%;\"><div class=\"fusion-column-wrapper fusion-column-has-shadow fusion-flex-justify-content-flex-start fusion-content-layout-column\"><div class=\"fusion-title title fusion-title-3 fusion-sep-none fusion-title-text fusion-title-size-four\" style=\"--awb-font-size:24px;\"><h4 class=\"fusion-title-heading title-heading-left\" style=\"font-family:&quot;Open Sans&quot;;font-style:normal;font-weight:700;margin:0;font-size:1em;\"><h4>Agencia Inmobiliaria<\/h4><\/h4><\/div><div class=\"fusion-text fusion-text-3\"><ul>\n<li>An\u00e1lisis y revisi\u00f3n de ocupaci\u00f3n del inmueble, rentas recibidas y gastos generados.<\/li>\n<\/ul>\n<ul>\n<li>\u200bGeneraci\u00f3n y cobro de recibos a arrendatarios.<\/li>\n<\/ul>\n<ul>\n<li>Revisi\u00f3n y actualizaci\u00f3n de rentas.<\/li>\n<\/ul>\n<ul>\n<li>\u200bGesti\u00f3n de avales y garant\u00edas.<\/li>\n<\/ul>\n<ul>\n<li>Mantenimiento de fianzas.<\/li>\n<\/ul>\n<ul>\n<li>Fidelizaci\u00f3n del inquilino.<\/li>\n<\/ul>\n<ul>\n<li>Control de vencimiento de contratos.<\/li>\n<\/ul>\n<ul>\n<li>Gesti\u00f3n de renuncias y finiquito de fianzas.<\/li>\n<\/ul>\n<ul>\n<li>Repaso del inmueble.<\/li>\n<\/ul>\n<ul>\n<li>Seguimiento del estado de los cobros, control de morosos y gesti\u00f3n de los impagos.<\/li>\n<\/ul>\n<ul>\n<li>Mantenimiento preventivo y corrector del inmueble.<\/li>\n<\/ul>\n<ul>\n<li>Gesti\u00f3n de incidencias.<\/li>\n<\/ul>\n<ul>\n<li>Elaboraci\u00f3n y seguimiento de presupuestos anuales.<\/li>\n<\/ul>\n<ul>\n<li>Liquidaciones mensuales en la propiedad.<\/li>\n<\/ul>\n<ul>\n<li>Recepci\u00f3n de actos de la comunidad.<\/li>\n<\/ul>\n<ul>\n<li>\u00c3 Pago de cuotas y derramas.<\/li>\n<\/ul>\n<ul>\n<li>Gesti\u00f3n comercial.<\/li>\n<\/ul>\n<ul>\n<li>Gesti\u00f3n fiscal y jur\u00eddica.<\/li>\n<\/ul>\n<\/div><\/div><\/div><\/div><\/div><div class=\"fusion-fullwidth fullwidth-box fusion-builder-row-3 fusion-flex-container has-pattern-background has-mask-background fusion-parallax-none nonhundred-percent-fullwidth non-hundred-percent-height-scrolling\" style=\"--awb-border-radius-top-left:0px;--awb-border-radius-top-right:0px;--awb-border-radius-bottom-right:0px;--awb-border-radius-bottom-left:0px;--awb-min-height:450px;--awb-background-color:rgba(0,0,0,0.2);--awb-background-image:url(&quot;https:\/\/finquesvallparadis.com\/wp-content\/uploads\/2024\/12\/fondo-servicios.jpg&quot;);--awb-background-size:cover;--awb-flex-wrap:wrap;\" ><div class=\"fusion-builder-row fusion-row fusion-flex-align-items-center fusion-flex-justify-content-center fusion-flex-content-wrap\" style=\"max-width:1248px;margin-left: calc(-4% \/ 2 );margin-right: calc(-4% \/ 2 );\"><div class=\"fusion-layout-column fusion_builder_column fusion-builder-column-4 fusion_builder_column_1_1 1_1 fusion-flex-column\" style=\"--awb-bg-size:cover;--awb-width-large:100%;--awb-margin-top-large:0px;--awb-spacing-right-large:1.92%;--awb-margin-bottom-large:20px;--awb-spacing-left-large:1.92%;--awb-width-medium:100%;--awb-order-medium:0;--awb-spacing-right-medium:1.92%;--awb-spacing-left-medium:1.92%;--awb-width-small:100%;--awb-order-small:0;--awb-spacing-right-small:1.92%;--awb-spacing-left-small:1.92%;\"><div class=\"fusion-column-wrapper fusion-column-has-shadow fusion-flex-justify-content-flex-start fusion-content-layout-column\"><div style=\"text-align:center;\"><a class=\"fusion-button button-flat button-xlarge button-custom fusion-button-default button-1 fusion-button-span-no fusion-button-default-type\" style=\"--button_accent_color:var(--awb-color1);--button_accent_hover_color:#ffffff;--button_border_hover_color:#ffffff;--button_gradient_top_color:#4a8c4a;--button_gradient_bottom_color:#4a8c4a;--button_gradient_top_color_hover:#ffba53;--button_gradient_bottom_color_hover:#ffba53;\" target=\"_self\" href=\"https:\/\/finquesvallparadis.com\/es\/contacto-comercial\/\"><span class=\"fusion-button-text\">Contacte a Comercial<\/span><\/a><\/div><\/div><\/div><\/div><\/div><\/p>\n","protected":false},"excerpt":{"rendered":"","protected":false},"author":1,"featured_media":0,"parent":0,"menu_order":0,"comment_status":"closed","ping_status":"closed","template":"100-width.php","meta":{"footnotes":""},"class_list":["post-222","page","type-page","status-publish","hentry"],"yoast_head":"<!-- This site is optimized with the Yoast SEO plugin v27.5 - https:\/\/yoast.com\/product\/yoast-seo-wordpress\/ -->\n<title>Agencia Inmobiliaria - Finques Vallparad\u00eds<\/title>\n<meta name=\"robots\" content=\"index, follow, max-snippet:-1, max-image-preview:large, max-video-preview:-1\" \/>\n<link rel=\"canonical\" href=\"https:\/\/finquesvallparadis.com\/es\/agencia-inmobiliaria\/\" \/>\n<meta property=\"og:locale\" content=\"es_ES\" \/>\n<meta property=\"og:type\" content=\"article\" \/>\n<meta property=\"og:title\" content=\"Agencia Inmobiliaria - Finques Vallparad\u00eds\" \/>\n<meta property=\"og:url\" content=\"https:\/\/finquesvallparadis.com\/es\/agencia-inmobiliaria\/\" \/>\n<meta property=\"og:site_name\" content=\"Finques Vallparad\u00eds\" \/>\n<meta property=\"article:modified_time\" content=\"2025-02-26T08:33:42+00:00\" \/>\n<meta name=\"twitter:card\" content=\"summary_large_image\" \/>\n<meta name=\"twitter:label1\" content=\"Tiempo de lectura\" \/>\n\t<meta name=\"twitter:data1\" content=\"2 minutos\" \/>\n<script type=\"application\/ld+json\" class=\"yoast-schema-graph\">{\"@context\":\"https:\\\/\\\/schema.org\",\"@graph\":[{\"@type\":\"WebPage\",\"@id\":\"https:\\\/\\\/finquesvallparadis.com\\\/es\\\/agencia-inmobiliaria\\\/\",\"url\":\"https:\\\/\\\/finquesvallparadis.com\\\/es\\\/agencia-inmobiliaria\\\/\",\"name\":\"Agencia Inmobiliaria - Finques Vallparad\u00eds\",\"isPartOf\":{\"@id\":\"https:\\\/\\\/finquesvallparadis.com\\\/#website\"},\"datePublished\":\"2024-12-16T08:20:53+00:00\",\"dateModified\":\"2025-02-26T08:33:42+00:00\",\"breadcrumb\":{\"@id\":\"https:\\\/\\\/finquesvallparadis.com\\\/es\\\/agencia-inmobiliaria\\\/#breadcrumb\"},\"inLanguage\":\"es\",\"potentialAction\":[{\"@type\":\"ReadAction\",\"target\":[\"https:\\\/\\\/finquesvallparadis.com\\\/es\\\/agencia-inmobiliaria\\\/\"]}]},{\"@type\":\"BreadcrumbList\",\"@id\":\"https:\\\/\\\/finquesvallparadis.com\\\/es\\\/agencia-inmobiliaria\\\/#breadcrumb\",\"itemListElement\":[{\"@type\":\"ListItem\",\"position\":1,\"name\":\"Portada\",\"item\":\"https:\\\/\\\/finquesvallparadis.com\\\/es\\\/\"},{\"@type\":\"ListItem\",\"position\":2,\"name\":\"Agencia Inmobiliaria\"}]},{\"@type\":\"WebSite\",\"@id\":\"https:\\\/\\\/finquesvallparadis.com\\\/#website\",\"url\":\"https:\\\/\\\/finquesvallparadis.com\\\/\",\"name\":\"Finques Vallparad\u00eds\",\"description\":\"\",\"potentialAction\":[{\"@type\":\"SearchAction\",\"target\":{\"@type\":\"EntryPoint\",\"urlTemplate\":\"https:\\\/\\\/finquesvallparadis.com\\\/?s={search_term_string}\"},\"query-input\":{\"@type\":\"PropertyValueSpecification\",\"valueRequired\":true,\"valueName\":\"search_term_string\"}}],\"inLanguage\":\"es\"}]}<\/script>\n<!-- \/ Yoast SEO plugin. -->","yoast_head_json":{"title":"Agencia Inmobiliaria - Finques Vallparad\u00eds","robots":{"index":"index","follow":"follow","max-snippet":"max-snippet:-1","max-image-preview":"max-image-preview:large","max-video-preview":"max-video-preview:-1"},"canonical":"https:\/\/finquesvallparadis.com\/es\/agencia-inmobiliaria\/","og_locale":"es_ES","og_type":"article","og_title":"Agencia Inmobiliaria - Finques Vallparad\u00eds","og_url":"https:\/\/finquesvallparadis.com\/es\/agencia-inmobiliaria\/","og_site_name":"Finques Vallparad\u00eds","article_modified_time":"2025-02-26T08:33:42+00:00","twitter_card":"summary_large_image","twitter_misc":{"Tiempo de lectura":"2 minutos"},"schema":{"@context":"https:\/\/schema.org","@graph":[{"@type":"WebPage","@id":"https:\/\/finquesvallparadis.com\/es\/agencia-inmobiliaria\/","url":"https:\/\/finquesvallparadis.com\/es\/agencia-inmobiliaria\/","name":"Agencia Inmobiliaria - Finques Vallparad\u00eds","isPartOf":{"@id":"https:\/\/finquesvallparadis.com\/#website"},"datePublished":"2024-12-16T08:20:53+00:00","dateModified":"2025-02-26T08:33:42+00:00","breadcrumb":{"@id":"https:\/\/finquesvallparadis.com\/es\/agencia-inmobiliaria\/#breadcrumb"},"inLanguage":"es","potentialAction":[{"@type":"ReadAction","target":["https:\/\/finquesvallparadis.com\/es\/agencia-inmobiliaria\/"]}]},{"@type":"BreadcrumbList","@id":"https:\/\/finquesvallparadis.com\/es\/agencia-inmobiliaria\/#breadcrumb","itemListElement":[{"@type":"ListItem","position":1,"name":"Portada","item":"https:\/\/finquesvallparadis.com\/es\/"},{"@type":"ListItem","position":2,"name":"Agencia Inmobiliaria"}]},{"@type":"WebSite","@id":"https:\/\/finquesvallparadis.com\/#website","url":"https:\/\/finquesvallparadis.com\/","name":"Finques Vallparad\u00eds","description":"","potentialAction":[{"@type":"SearchAction","target":{"@type":"EntryPoint","urlTemplate":"https:\/\/finquesvallparadis.com\/?s={search_term_string}"},"query-input":{"@type":"PropertyValueSpecification","valueRequired":true,"valueName":"search_term_string"}}],"inLanguage":"es"}]}},"_links":{"self":[{"href":"https:\/\/finquesvallparadis.com\/es\/wp-json\/wp\/v2\/pages\/222","targetHints":{"allow":["GET"]}}],"collection":[{"href":"https:\/\/finquesvallparadis.com\/es\/wp-json\/wp\/v2\/pages"}],"about":[{"href":"https:\/\/finquesvallparadis.com\/es\/wp-json\/wp\/v2\/types\/page"}],"author":[{"embeddable":true,"href":"https:\/\/finquesvallparadis.com\/es\/wp-json\/wp\/v2\/users\/1"}],"replies":[{"embeddable":true,"href":"https:\/\/finquesvallparadis.com\/es\/wp-json\/wp\/v2\/comments?post=222"}],"version-history":[{"count":8,"href":"https:\/\/finquesvallparadis.com\/es\/wp-json\/wp\/v2\/pages\/222\/revisions"}],"predecessor-version":[{"id":443,"href":"https:\/\/finquesvallparadis.com\/es\/wp-json\/wp\/v2\/pages\/222\/revisions\/443"}],"wp:attachment":[{"href":"https:\/\/finquesvallparadis.com\/es\/wp-json\/wp\/v2\/media?parent=222"}],"curies":[{"name":"wp","href":"https:\/\/api.w.org\/{rel}","templated":true}]}}