{"id":229,"date":"2024-12-16T08:21:43","date_gmt":"2024-12-16T08:21:43","guid":{"rendered":"https:\/\/finquesvallparadis.com\/seguros\/"},"modified":"2025-02-19T10:45:07","modified_gmt":"2025-02-19T10:45:07","slug":"seguros","status":"publish","type":"page","link":"https:\/\/finquesvallparadis.com\/es\/seguros\/","title":{"rendered":"Seguros"},"content":{"rendered":"<p><div class=\"fusion-fullwidth fullwidth-box fusion-builder-row-1 fusion-flex-container has-pattern-background has-mask-background faded-background fusion-parallax-none nonhundred-percent-fullwidth non-hundred-percent-height-scrolling\" style=\"--awb-border-radius-top-left:0px;--awb-border-radius-top-right:0px;--awb-border-radius-bottom-right:0px;--awb-border-radius-bottom-left:0px;--awb-min-height:350px;--awb-background-image:linear-gradient(180deg, rgba(0,0,0,0.3) 0%,rgba(0,0,0,0.3) 100%),url(https:\/\/finquesvallparadis.com\/wp-content\/uploads\/2024\/12\/assegurances.jpg);;--awb-background-size:cover;--awb-flex-wrap:wrap;\" ><div class=\"fullwidth-faded\" style=\"--awb-background-color:#000000;--awb-background-image:linear-gradient(180deg, rgba(0,0,0,0.3) 0%,rgba(0,0,0,0.3) 100%),url(https:\/\/finquesvallparadis.com\/wp-content\/uploads\/2024\/12\/assegurances.jpg);;--awb-background-size:cover;\" ><\/div><div class=\"fusion-builder-row fusion-row fusion-flex-align-items-center fusion-flex-content-wrap\" style=\"max-width:1248px;margin-left: calc(-4% \/ 2 );margin-right: calc(-4% \/ 2 );\"><div class=\"fusion-layout-column fusion_builder_column fusion-builder-column-0 fusion_builder_column_1_1 1_1 fusion-flex-column\" style=\"--awb-bg-size:cover;--awb-width-large:100%;--awb-margin-top-large:0px;--awb-spacing-right-large:1.92%;--awb-margin-bottom-large:20px;--awb-spacing-left-large:1.92%;--awb-width-medium:100%;--awb-order-medium:0;--awb-spacing-right-medium:1.92%;--awb-spacing-left-medium:1.92%;--awb-width-small:100%;--awb-order-small:0;--awb-spacing-right-small:1.92%;--awb-spacing-left-small:1.92%;\"><div class=\"fusion-column-wrapper fusion-column-has-shadow fusion-flex-justify-content-flex-start fusion-content-layout-column\"><div class=\"fusion-title title fusion-title-1 fusion-sep-none fusion-title-text fusion-title-size-one\" style=\"--awb-text-color:#ffffff;\"><h1 class=\"fusion-title-heading title-heading-left\" style=\"margin:0;\"><h1 class=\"hidden-phone\"><strong>Corredur\u00eda de Seguros<\/strong><\/h1><\/h1><\/div><\/div><\/div><\/div><\/div><div class=\"fusion-fullwidth fullwidth-box fusion-builder-row-2 fusion-flex-container has-pattern-background has-mask-background nonhundred-percent-fullwidth non-hundred-percent-height-scrolling\" style=\"--awb-border-radius-top-left:0px;--awb-border-radius-top-right:0px;--awb-border-radius-bottom-right:0px;--awb-border-radius-bottom-left:0px;--awb-margin-top:60px;--awb-flex-wrap:wrap;\" ><div class=\"fusion-builder-row fusion-row fusion-flex-align-items-flex-start fusion-flex-content-wrap\" style=\"max-width:1248px;margin-left: calc(-4% \/ 2 );margin-right: calc(-4% \/ 2 );\"><div class=\"fusion-layout-column fusion_builder_column fusion-builder-column-1 fusion_builder_column_1_1 1_1 fusion-flex-column\" style=\"--awb-bg-size:cover;--awb-width-large:100%;--awb-margin-top-large:0px;--awb-spacing-right-large:1.92%;--awb-margin-bottom-large:20px;--awb-spacing-left-large:1.92%;--awb-width-medium:100%;--awb-order-medium:0;--awb-spacing-right-medium:1.92%;--awb-spacing-left-medium:1.92%;--awb-width-small:100%;--awb-order-small:0;--awb-spacing-right-small:1.92%;--awb-spacing-left-small:1.92%;\"><div class=\"fusion-column-wrapper fusion-column-has-shadow fusion-flex-justify-content-flex-start fusion-content-layout-column\"><div class=\"fusion-text fusion-text-1\"><p>Para completar los servicios que <strong>Finques Vallaparad\u00eds<\/strong> ofrece a sus clientes, el Grupo cuenta con una dilatada experiencia en la gesti\u00f3n de riesgos. Por esta raz\u00f3n, pone a disposici\u00f3n de sus clientes las mejores ofertas de las compa\u00f1\u00edas m\u00e1s competitivas y que mejor cubren sus necesidades:<\/p>\n<ul>\n<li>Hogares.<\/li>\n<\/ul>\n<ul>\n<li>Comunidades.<\/li>\n<\/ul>\n<ul>\n<li>Transportes.<\/li>\n<\/ul>\n<ul>\n<li>Todo riesgo construcci\u00f3n y decenal.<\/li>\n<\/ul>\n<ul>\n<li>Salud.<\/li>\n<\/ul>\n<ul>\n<li>Vida.<\/li>\n<\/ul>\n<ul>\n<li>Accidentes.<\/li>\n<\/ul>\n<ul>\n<li>Planes de pensiones.<\/li>\n<\/ul>\n<ul>\n<li>Jubilaciones.<\/li>\n<\/ul>\n<ul>\n<li>Comercios.<\/li>\n<\/ul>\n<ul>\n<li>Responsabilidad civil.<\/li>\n<\/ul>\n<ul>\n<li>Defensa jur\u00eddica.<\/li>\n<\/ul>\n<\/div><\/div><\/div><\/div><\/div><\/p>\n","protected":false},"excerpt":{"rendered":"","protected":false},"author":1,"featured_media":0,"parent":0,"menu_order":0,"comment_status":"closed","ping_status":"closed","template":"100-width.php","meta":{"footnotes":""},"class_list":["post-229","page","type-page","status-publish","hentry"],"yoast_head":"<!-- This site is optimized with the Yoast SEO plugin v27.5 - https:\/\/yoast.com\/product\/yoast-seo-wordpress\/ -->\n<title>Seguros - Finques Vallparad\u00eds<\/title>\n<meta name=\"robots\" content=\"index, follow, max-snippet:-1, max-image-preview:large, max-video-preview:-1\" \/>\n<link rel=\"canonical\" href=\"https:\/\/finquesvallparadis.com\/es\/seguros\/\" \/>\n<meta property=\"og:locale\" content=\"es_ES\" \/>\n<meta property=\"og:type\" content=\"article\" \/>\n<meta property=\"og:title\" content=\"Seguros - Finques Vallparad\u00eds\" \/>\n<meta property=\"og:url\" content=\"https:\/\/finquesvallparadis.com\/es\/seguros\/\" \/>\n<meta property=\"og:site_name\" content=\"Finques Vallparad\u00eds\" \/>\n<meta property=\"article:modified_time\" content=\"2025-02-19T10:45:07+00:00\" \/>\n<meta name=\"twitter:card\" content=\"summary_large_image\" \/>\n<meta name=\"twitter:label1\" content=\"Tiempo de lectura\" \/>\n\t<meta name=\"twitter:data1\" content=\"10 minutos\" \/>\n<script type=\"application\/ld+json\" class=\"yoast-schema-graph\">{\"@context\":\"https:\\\/\\\/schema.org\",\"@graph\":[{\"@type\":\"WebPage\",\"@id\":\"https:\\\/\\\/finquesvallparadis.com\\\/es\\\/seguros\\\/\",\"url\":\"https:\\\/\\\/finquesvallparadis.com\\\/es\\\/seguros\\\/\",\"name\":\"Seguros - Finques Vallparad\u00eds\",\"isPartOf\":{\"@id\":\"https:\\\/\\\/finquesvallparadis.com\\\/#website\"},\"datePublished\":\"2024-12-16T08:21:43+00:00\",\"dateModified\":\"2025-02-19T10:45:07+00:00\",\"breadcrumb\":{\"@id\":\"https:\\\/\\\/finquesvallparadis.com\\\/es\\\/seguros\\\/#breadcrumb\"},\"inLanguage\":\"es\",\"potentialAction\":[{\"@type\":\"ReadAction\",\"target\":[\"https:\\\/\\\/finquesvallparadis.com\\\/es\\\/seguros\\\/\"]}]},{\"@type\":\"BreadcrumbList\",\"@id\":\"https:\\\/\\\/finquesvallparadis.com\\\/es\\\/seguros\\\/#breadcrumb\",\"itemListElement\":[{\"@type\":\"ListItem\",\"position\":1,\"name\":\"Portada\",\"item\":\"https:\\\/\\\/finquesvallparadis.com\\\/es\\\/\"},{\"@type\":\"ListItem\",\"position\":2,\"name\":\"Seguros\"}]},{\"@type\":\"WebSite\",\"@id\":\"https:\\\/\\\/finquesvallparadis.com\\\/#website\",\"url\":\"https:\\\/\\\/finquesvallparadis.com\\\/\",\"name\":\"Finques Vallparad\u00eds\",\"description\":\"\",\"potentialAction\":[{\"@type\":\"SearchAction\",\"target\":{\"@type\":\"EntryPoint\",\"urlTemplate\":\"https:\\\/\\\/finquesvallparadis.com\\\/?s={search_term_string}\"},\"query-input\":{\"@type\":\"PropertyValueSpecification\",\"valueRequired\":true,\"valueName\":\"search_term_string\"}}],\"inLanguage\":\"es\"}]}<\/script>\n<!-- \/ Yoast SEO plugin. -->","yoast_head_json":{"title":"Seguros - Finques Vallparad\u00eds","robots":{"index":"index","follow":"follow","max-snippet":"max-snippet:-1","max-image-preview":"max-image-preview:large","max-video-preview":"max-video-preview:-1"},"canonical":"https:\/\/finquesvallparadis.com\/es\/seguros\/","og_locale":"es_ES","og_type":"article","og_title":"Seguros - Finques Vallparad\u00eds","og_url":"https:\/\/finquesvallparadis.com\/es\/seguros\/","og_site_name":"Finques Vallparad\u00eds","article_modified_time":"2025-02-19T10:45:07+00:00","twitter_card":"summary_large_image","twitter_misc":{"Tiempo de lectura":"10 minutos"},"schema":{"@context":"https:\/\/schema.org","@graph":[{"@type":"WebPage","@id":"https:\/\/finquesvallparadis.com\/es\/seguros\/","url":"https:\/\/finquesvallparadis.com\/es\/seguros\/","name":"Seguros - Finques Vallparad\u00eds","isPartOf":{"@id":"https:\/\/finquesvallparadis.com\/#website"},"datePublished":"2024-12-16T08:21:43+00:00","dateModified":"2025-02-19T10:45:07+00:00","breadcrumb":{"@id":"https:\/\/finquesvallparadis.com\/es\/seguros\/#breadcrumb"},"inLanguage":"es","potentialAction":[{"@type":"ReadAction","target":["https:\/\/finquesvallparadis.com\/es\/seguros\/"]}]},{"@type":"BreadcrumbList","@id":"https:\/\/finquesvallparadis.com\/es\/seguros\/#breadcrumb","itemListElement":[{"@type":"ListItem","position":1,"name":"Portada","item":"https:\/\/finquesvallparadis.com\/es\/"},{"@type":"ListItem","position":2,"name":"Seguros"}]},{"@type":"WebSite","@id":"https:\/\/finquesvallparadis.com\/#website","url":"https:\/\/finquesvallparadis.com\/","name":"Finques Vallparad\u00eds","description":"","potentialAction":[{"@type":"SearchAction","target":{"@type":"EntryPoint","urlTemplate":"https:\/\/finquesvallparadis.com\/?s={search_term_string}"},"query-input":{"@type":"PropertyValueSpecification","valueRequired":true,"valueName":"search_term_string"}}],"inLanguage":"es"}]}},"_links":{"self":[{"href":"https:\/\/finquesvallparadis.com\/es\/wp-json\/wp\/v2\/pages\/229","targetHints":{"allow":["GET"]}}],"collection":[{"href":"https:\/\/finquesvallparadis.com\/es\/wp-json\/wp\/v2\/pages"}],"about":[{"href":"https:\/\/finquesvallparadis.com\/es\/wp-json\/wp\/v2\/types\/page"}],"author":[{"embeddable":true,"href":"https:\/\/finquesvallparadis.com\/es\/wp-json\/wp\/v2\/users\/1"}],"replies":[{"embeddable":true,"href":"https:\/\/finquesvallparadis.com\/es\/wp-json\/wp\/v2\/comments?post=229"}],"version-history":[{"count":7,"href":"https:\/\/finquesvallparadis.com\/es\/wp-json\/wp\/v2\/pages\/229\/revisions"}],"predecessor-version":[{"id":373,"href":"https:\/\/finquesvallparadis.com\/es\/wp-json\/wp\/v2\/pages\/229\/revisions\/373"}],"wp:attachment":[{"href":"https:\/\/finquesvallparadis.com\/es\/wp-json\/wp\/v2\/media?parent=229"}],"curies":[{"name":"wp","href":"https:\/\/api.w.org\/{rel}","templated":true}]}}